{"id":21,"date":"2022-10-09T18:14:08","date_gmt":"2022-10-09T23:14:08","guid":{"rendered":"https:\/\/tecnopcing.com\/home\/"},"modified":"2023-04-11T12:48:56","modified_gmt":"2023-04-11T17:48:56","slug":"inicio","status":"publish","type":"page","link":"https:\/\/tecnopcing.com\/","title":{"rendered":"Inicio"},"content":{"rendered":"\n\n\n\n\n\n\n<h2>Quienes Somos<\/h2>\n\n<p class=\"wb-stl-custom5\" data-dnid=\"10166\">TECNOPC INGENIERIA S.A.S. Una organizaci\u00f3n fundada en 2017 como respuesta a la necesidad de nuestros clientes y mejoramiento en la prestaci\u00f3n de servicios integrales en tecnolog\u00eda de la informaci\u00f3n, orientada en apoyar a nuestros clientes en sus procesos de negocio.<\/p><p><br data-cke-eol=\"1\"><\/p>\n\n\n\n\n\n<h3>NUESTROS SERVICIOS<\/h3>\n\n<p class=\"MsoNormal\"><span lang=\"ES-CO\">Disponemos de sistemas de informaci\u00f3n y desarrollamos la estrategia de servicios tecnol\u00f3gicos las cuales garantizan su correcta operaci\u00f3n. La gesti\u00f3n tecnol\u00f3gica que provee nuestro servicio\npermanente beneficia a todos los usuarios.<o:p><\/o:p><\/span><\/p>\n\n\n\n\n\n\n\n\n\n<h2>\u00bfQue es lo que nos hace l\u00edderes?<\/h2>\n\n\n\n<p class=\"MsoNormal\"><span lang=\"ES-CO\">Prestamos servicios con calidad, comprometidos con la seguridad y tranquilidad de todos nuestros clientes.<o:p><\/o:p><\/span><\/p>\n\n\n<p>Nuestros t\u00e9cnicos brindan la atenci\u00f3n oportuna en el menor tiempo psoible, utilizando el tiempo adecuado para cada servicio.<\/p>\n\n\n<p>Nuestro personal TechSolver le atendera su requerimiento y ayudar\u00e1 a ser mas directo al momento de direccionar su servicio.<\/p>\n\n\n\n\n\n\n<h2>SERVICIOS<\/h2>\n\n\n\n\n\n\n\n\n\n\n\n\n\n\n\n\n\n\n\n<h3>\u00bfTienes Dudas?<\/h3>\n<h6><span style=\"font-weight: normal;\">Contactanos<\/span><\/h6>\n\n\n\n\n<center> <div class=\"wpforms-container wpforms-container-full\" id=\"wpforms-80\"><form id=\"wpforms-form-80\" class=\"wpforms-validate wpforms-form wpforms-ajax-form\" data-formid=\"80\" method=\"post\" enctype=\"multipart\/form-data\" action=\"\/index.php?rest_route=%2Fwp%2Fv2%2Fpages%2F21\" data-token=\"04b0093aa0ad1ee98a621718c29e5669\" data-token-time=\"1775275067\"><noscript class=\"wpforms-error-noscript\">Por favor, activa JavaScript en tu navegador para completar este formulario.<\/noscript><div class=\"wpforms-field-container\"><div id=\"wpforms-80-field_0-container\" class=\"wpforms-field wpforms-field-name\" data-field-id=\"0\"><label class=\"wpforms-field-label\">Nombre <span class=\"wpforms-required-label\">*<\/span><\/label><div class=\"wpforms-field-row wpforms-field-medium\"><div class=\"wpforms-field-row-block wpforms-first wpforms-one-half\"><input type=\"text\" id=\"wpforms-80-field_0\" class=\"wpforms-field-name-first wpforms-field-required\" name=\"wpforms[fields][0][first]\" required><label for=\"wpforms-80-field_0\" class=\"wpforms-field-sublabel after\">Nombre<\/label><\/div><div class=\"wpforms-field-row-block wpforms-one-half\"><input type=\"text\" id=\"wpforms-80-field_0-last\" class=\"wpforms-field-name-last wpforms-field-required\" name=\"wpforms[fields][0][last]\" required><label for=\"wpforms-80-field_0-last\" class=\"wpforms-field-sublabel after\">Apellidos<\/label><\/div><\/div><\/div><div id=\"wpforms-80-field_3-container\" class=\"wpforms-field wpforms-field-number\" data-field-id=\"3\"><label class=\"wpforms-field-label\" for=\"wpforms-80-field_3\">Tel\u00e9fono <span class=\"wpforms-required-label\">*<\/span><\/label><input type=\"number\" id=\"wpforms-80-field_3\" class=\"wpforms-field-medium wpforms-field-required\" name=\"wpforms[fields][3]\" step=\"any\" required><\/div><div id=\"wpforms-80-field_1-container\" class=\"wpforms-field wpforms-field-email\" data-field-id=\"1\"><label class=\"wpforms-field-label\" for=\"wpforms-80-field_1\">Email <span class=\"wpforms-required-label\">*<\/span><\/label><input type=\"email\" id=\"wpforms-80-field_1\" class=\"wpforms-field-medium wpforms-field-required\" name=\"wpforms[fields][1]\" spellcheck=\"false\" required><\/div><div id=\"wpforms-80-field_4-container\" class=\"wpforms-field wpforms-field-select wpforms-field-select-style-classic\" data-field-id=\"4\"><label class=\"wpforms-field-label\" for=\"wpforms-80-field_4\">Inter\u00e9s<\/label><select id=\"wpforms-80-field_4\" class=\"wpforms-field-medium\" name=\"wpforms[fields][4]\"><option value=\"Producto\"  class=\"choice-1 depth-1\"  >Producto<\/option><option value=\"Servicio\"  class=\"choice-2 depth-1\"  >Servicio<\/option><option value=\"Atencion al Cliente\"  class=\"choice-3 depth-1\"  >Atencion al Cliente<\/option><\/select><div class=\"wpforms-field-description\">Escoje la opcion de tu requerimiento<\/div><\/div><\/div><!-- .wpforms-field-container --><div class=\"wpforms-submit-container\" ><input type=\"hidden\" name=\"wpforms[id]\" value=\"80\"><input type=\"hidden\" name=\"page_title\" value=\"\"><input type=\"hidden\" name=\"page_url\" value=\"https:\/\/tecnopcing.com\/index.php?rest_route=\/wp\/v2\/pages\/21\"><input type=\"hidden\" name=\"url_referer\" value=\"\"><button type=\"submit\" name=\"wpforms[submit]\" id=\"wpforms-submit-80\" class=\"wpforms-submit\" data-alt-text=\"Enviando....\" data-submit-text=\"Enviar\" aria-live=\"assertive\" value=\"wpforms-submit\">Enviar<\/button><img loading=\"lazy\" decoding=\"async\" src=\"https:\/\/tecnopcing.com\/wp-content\/plugins\/wpforms-lite\/assets\/images\/submit-spin.svg\" class=\"wpforms-submit-spinner\" style=\"display: none;\" width=\"26\" height=\"26\" alt=\"Cargando\"><\/div><\/form><\/div>  <!-- .wpforms-container -->\n\n\n","protected":false},"excerpt":{"rendered":"","protected":false},"author":1,"featured_media":0,"parent":0,"menu_order":0,"comment_status":"closed","ping_status":"closed","template":"","meta":{"pagelayer_contact_templates":[],"_pagelayer_content":"","footnotes":""},"class_list":["post-21","page","type-page","status-publish","hentry"],"_links":{"self":[{"href":"https:\/\/tecnopcing.com\/index.php?rest_route=\/wp\/v2\/pages\/21","targetHints":{"allow":["GET"]}}],"collection":[{"href":"https:\/\/tecnopcing.com\/index.php?rest_route=\/wp\/v2\/pages"}],"about":[{"href":"https:\/\/tecnopcing.com\/index.php?rest_route=\/wp\/v2\/types\/page"}],"author":[{"embeddable":true,"href":"https:\/\/tecnopcing.com\/index.php?rest_route=\/wp\/v2\/users\/1"}],"replies":[{"embeddable":true,"href":"https:\/\/tecnopcing.com\/index.php?rest_route=%2Fwp%2Fv2%2Fcomments&post=21"}],"version-history":[{"count":30,"href":"https:\/\/tecnopcing.com\/index.php?rest_route=\/wp\/v2\/pages\/21\/revisions"}],"predecessor-version":[{"id":371,"href":"https:\/\/tecnopcing.com\/index.php?rest_route=\/wp\/v2\/pages\/21\/revisions\/371"}],"wp:attachment":[{"href":"https:\/\/tecnopcing.com\/index.php?rest_route=%2Fwp%2Fv2%2Fmedia&parent=21"}],"curies":[{"name":"wp","href":"https:\/\/api.w.org\/{rel}","templated":true}]}}